{"id":242,"date":"2023-01-22T18:07:22","date_gmt":"2023-01-22T18:07:22","guid":{"rendered":"https:\/\/bonheurenboule.ca\/?page_id=242"},"modified":"2023-01-22T18:08:00","modified_gmt":"2023-01-22T18:08:00","slug":"videos-inedits","status":"publish","type":"page","link":"https:\/\/bonheurenboule.ca\/index.php\/videos-inedits\/","title":{"rendered":"Vid\u00e9os in\u00e9dits"},"content":{"rendered":"\n<p class=\"has-text-color\" style=\"color:#f80000\">\u00e0 venir.<\/p>\n","protected":false},"excerpt":{"rendered":"<p>\u00e0 venir.<\/p>\n","protected":false},"author":2,"featured_media":0,"parent":0,"menu_order":0,"comment_status":"closed","ping_status":"closed","template":"","meta":{"_editorskit_title_hidden":false,"_editorskit_reading_time":0,"_editorskit_is_block_options_detached":false,"_editorskit_block_options_position":"{}","slim_seo":{"title":"Vid\u00e9os in\u00e9dits - BONHEUR EN BOULE","description":"\u00e0 venir."},"footnotes":""},"class_list":["post-242","page","type-page","status-publish","hentry"],"_links":{"self":[{"href":"https:\/\/bonheurenboule.ca\/index.php\/wp-json\/wp\/v2\/pages\/242","targetHints":{"allow":["GET"]}}],"collection":[{"href":"https:\/\/bonheurenboule.ca\/index.php\/wp-json\/wp\/v2\/pages"}],"about":[{"href":"https:\/\/bonheurenboule.ca\/index.php\/wp-json\/wp\/v2\/types\/page"}],"author":[{"embeddable":true,"href":"https:\/\/bonheurenboule.ca\/index.php\/wp-json\/wp\/v2\/users\/2"}],"replies":[{"embeddable":true,"href":"https:\/\/bonheurenboule.ca\/index.php\/wp-json\/wp\/v2\/comments?post=242"}],"version-history":[{"count":2,"href":"https:\/\/bonheurenboule.ca\/index.php\/wp-json\/wp\/v2\/pages\/242\/revisions"}],"predecessor-version":[{"id":245,"href":"https:\/\/bonheurenboule.ca\/index.php\/wp-json\/wp\/v2\/pages\/242\/revisions\/245"}],"wp:attachment":[{"href":"https:\/\/bonheurenboule.ca\/index.php\/wp-json\/wp\/v2\/media?parent=242"}],"curies":[{"name":"wp","href":"https:\/\/api.w.org\/{rel}","templated":true}]}}